{"id":7017,"date":"2020-09-23T11:57:17","date_gmt":"2020-09-23T11:57:17","guid":{"rendered":"https:\/\/energyradar.net\/?page_id=7017"},"modified":"2024-10-08T16:49:14","modified_gmt":"2024-10-08T16:49:14","slug":"impressum","status":"publish","type":"page","link":"https:\/\/energyradar.net\/?page_id=7017","title":{"rendered":"Impressum"},"content":{"rendered":"[vc_row type=&#8221;in_container&#8221; full_screen_row_position=&#8221;middle&#8221; column_margin=&#8221;default&#8221; column_direction=&#8221;default&#8221; column_direction_tablet=&#8221;default&#8221; column_direction_phone=&#8221;default&#8221; scene_position=&#8221;center&#8221; text_color=&#8221;dark&#8221; text_align=&#8221;left&#8221; row_border_radius=&#8221;none&#8221; row_border_radius_applies=&#8221;bg&#8221; overflow=&#8221;visible&#8221; overlay_strength=&#8221;0.3&#8243; gradient_direction=&#8221;left_to_right&#8221; shape_divider_position=&#8221;bottom&#8221; bg_image_animation=&#8221;none&#8221; shape_type=&#8221;&#8221;][vc_column column_padding=&#8221;padding-5-percent&#8221; column_padding_tablet=&#8221;inherit&#8221; column_padding_phone=&#8221;inherit&#8221; column_padding_position=&#8221;top-bottom&#8221; column_element_direction_desktop=&#8221;default&#8221; column_element_spacing=&#8221;default&#8221; desktop_text_alignment=&#8221;default&#8221; tablet_text_alignment=&#8221;default&#8221; phone_text_alignment=&#8221;default&#8221; background_color_opacity=&#8221;1&#8243; background_hover_color_opacity=&#8221;1&#8243; column_backdrop_filter=&#8221;none&#8221; column_shadow=&#8221;none&#8221; column_border_radius=&#8221;none&#8221; column_link_target=&#8221;_self&#8221; column_position=&#8221;default&#8221; gradient_direction=&#8221;left_to_right&#8221; overlay_strength=&#8221;0.3&#8243; width=&#8221;1\/2&#8243; tablet_width_inherit=&#8221;default&#8221; animation_type=&#8221;default&#8221; bg_image_animation=&#8221;none&#8221; border_type=&#8221;simple&#8221; column_border_width=&#8221;none&#8221; column_border_style=&#8221;solid&#8221;][vc_column_text]\r\n<h3 class=\"wp-block-heading\"><strong>IMPRESSUM<\/strong><\/h3>\r\n<h3><strong>Cuculus GmbH<\/strong><\/h3>\r\n<p>Lindenstr. 9 &#8211; 11<br \/>98693 Ilmenau<br \/>Germany<br \/>Telefon:\u00a0+49 3677 686 000 0<br \/>Fax:\u00a0+49 3677 686 000 9<\/p>\r\n<h3><strong>Niederlassung Leipzig<\/strong><\/h3>\r\n<p>Gro\u00dfer Brockhaus 1<br \/>04103 Leipzig<br \/>GERMANY<\/p>\r\n<h3><strong>Niederlassung\u00a0<\/strong><strong>Erfurt<\/strong><\/h3>\r\n<p>Anger 63<br \/>99084 Erfurt<br \/>GERMANY<\/p>\r\n<h3 class=\"mt-3 wp-block-heading\">B\u00fcro in den Vereinigten Arabischen Emiraten<\/h3>\r\n<p>14th floor, Swiss Tower, Cluster Y<br \/>Jumeirah Lakes Towers, Dubai<br \/>United Arab Emirates<\/p>\r\n<h3>B\u00fcro in S\u00fcd Afrika<\/h3>\r\n<p>Block C<br \/>Dunkeld Office Park<br \/>6 North Road<br \/>Dunkeld<br \/>South Africa<\/p>\r\n<h3 class=\"mt-3 wp-block-heading\">Niederlassung in Indien<\/h3>\r\n<p>Gate, 70\/401, Kodigehalli Main Rd<br \/>Hebbal, Bengaluru, Karnataka 560092<br \/>Indien<\/p>\r\n<h3>Jurisdiction: Ilmenau<\/h3>\r\n<p>Steueridentifikationsnummer: DE252755319<br \/>Amtsgericht Jena<br \/>Registrierungsnummer: HR B 50 10 89<\/p>\r\n<p>Managing Directors: Dipl.-Ing. Ren\u00e9 B\u00f6ringer, Dipl.-Ing. Gunnar Scharfe<\/p>\r\n<p>Vorsitzender des Aufsichtsrates: Pieter Trienekens<\/p>\r\n<p>Mit Urteil vom 12. Mai 1998 hat das Landgericht Hamburg entschieden, dass man durch die Ausbringung eines Links die Inhalte der gelinkten Seite ggf. mit zu verantworten hat. Dies kann &#8211; so das Landgericht &#8211; nur dadurch verhindert werden, dass man sich ausdr\u00fccklich von allen Inhalten der gelinkten Seiten distanziert. Wir haben auf verschiedenen Seiten Links zu anderen Seiten im Internet gelegt. F\u00fcr alle diese Links gilt die folgende Erkl\u00e4rung: Wir m\u00f6chten ausdr\u00fccklich betonen, dass wir keinerlei Einfluss auf die Gestaltung und die Inhalte der gelinkten Seiten haben. Deshalb distanzieren wir uns hiermit ausdr\u00fccklich von allen Inhalten aller gelinkten Seiten auf unserer gesamten Website inkl. aller untergeordneten Seiten. Diese Erkl\u00e4rung gilt f\u00fcr alle auf unserer Homepage ausgebrachten Links und f\u00fcr alle Inhalte der Seiten, zu denen Links f\u00fchren.<\/p>\r\n[\/vc_column_text][\/vc_column][vc_column column_padding=&#8221;no-extra-padding&#8221; column_padding_tablet=&#8221;inherit&#8221; column_padding_phone=&#8221;inherit&#8221; column_padding_position=&#8221;all&#8221; column_element_direction_desktop=&#8221;default&#8221; column_element_spacing=&#8221;default&#8221; desktop_text_alignment=&#8221;default&#8221; tablet_text_alignment=&#8221;default&#8221; phone_text_alignment=&#8221;default&#8221; background_color_opacity=&#8221;1&#8243; background_hover_color_opacity=&#8221;1&#8243; column_backdrop_filter=&#8221;none&#8221; column_shadow=&#8221;none&#8221; column_border_radius=&#8221;none&#8221; column_link_target=&#8221;_self&#8221; column_position=&#8221;default&#8221; gradient_direction=&#8221;left_to_right&#8221; overlay_strength=&#8221;0.3&#8243; width=&#8221;1\/2&#8243; tablet_width_inherit=&#8221;default&#8221; animation_type=&#8221;default&#8221; bg_image_animation=&#8221;none&#8221; border_type=&#8221;simple&#8221; column_border_width=&#8221;none&#8221; column_border_style=&#8221;solid&#8221;][vc_column_text]\r\n<p>&nbsp;<\/p>\r\n<p>&nbsp;<\/p>\r\n<h3>Unsere B\u00fcros und Niederlassungen<\/h3>\r\n[\/vc_column_text][image_with_animation image_url=&#8221;7309&#8243; image_size=&#8221;full&#8221; animation_type=&#8221;entrance&#8221; animation=&#8221;None&#8221; animation_movement_type=&#8221;transform_y&#8221; hover_animation=&#8221;none&#8221; alignment=&#8221;&#8221; border_radius=&#8221;none&#8221; box_shadow=&#8221;none&#8221; image_loading=&#8221;default&#8221; max_width=&#8221;100%&#8221; max_width_mobile=&#8221;default&#8221;][\/vc_column][\/vc_row]","protected":false},"excerpt":{"rendered":"<p>[vc_row type=&#8221;in_container&#8221; full_screen_row_position=&#8221;middle&#8221; column_margin=&#8221;default&#8221; column_direction=&#8221;default&#8221; column_direction_tablet=&#8221;default&#8221; column_direction_phone=&#8221;default&#8221; scene_position=&#8221;center&#8221; text_color=&#8221;dark&#8221; text_align=&#8221;left&#8221; row_border_radius=&#8221;none&#8221; row_border_radius_applies=&#8221;bg&#8221; overflow=&#8221;visible&#8221; overlay_strength=&#8221;0.3&#8243; gradient_direction=&#8221;left_to_right&#8221;&#8230;<\/p>\n","protected":false},"author":4,"featured_media":0,"parent":0,"menu_order":0,"comment_status":"closed","ping_status":"open","template":"","meta":{"inline_featured_image":false,"footnotes":""},"class_list":["post-7017","page","type-page","status-publish"],"jetpack_sharing_enabled":true,"_links":{"self":[{"href":"https:\/\/energyradar.net\/index.php?rest_route=\/wp\/v2\/pages\/7017","targetHints":{"allow":["GET"]}}],"collection":[{"href":"https:\/\/energyradar.net\/index.php?rest_route=\/wp\/v2\/pages"}],"about":[{"href":"https:\/\/energyradar.net\/index.php?rest_route=\/wp\/v2\/types\/page"}],"author":[{"embeddable":true,"href":"https:\/\/energyradar.net\/index.php?rest_route=\/wp\/v2\/users\/4"}],"replies":[{"embeddable":true,"href":"https:\/\/energyradar.net\/index.php?rest_route=%2Fwp%2Fv2%2Fcomments&post=7017"}],"version-history":[{"count":6,"href":"https:\/\/energyradar.net\/index.php?rest_route=\/wp\/v2\/pages\/7017\/revisions"}],"predecessor-version":[{"id":7657,"href":"https:\/\/energyradar.net\/index.php?rest_route=\/wp\/v2\/pages\/7017\/revisions\/7657"}],"wp:attachment":[{"href":"https:\/\/energyradar.net\/index.php?rest_route=%2Fwp%2Fv2%2Fmedia&parent=7017"}],"curies":[{"name":"wp","href":"https:\/\/api.w.org\/{rel}","templated":true}]}}