{"id":6990,"date":"2020-09-23T09:46:38","date_gmt":"2020-09-23T09:46:38","guid":{"rendered":"https:\/\/energyradar.net\/?page_id=6990"},"modified":"2024-10-08T20:00:55","modified_gmt":"2024-10-08T20:00:55","slug":"haeufige-fragen","status":"publish","type":"page","link":"https:\/\/energyradar.net\/?page_id=6990","title":{"rendered":"H\u00e4ufige Fragen"},"content":{"rendered":"[vc_row type=&#8221;full_width_background&#8221; full_screen_row_position=&#8221;middle&#8221; column_margin=&#8221;default&#8221; column_direction=&#8221;default&#8221; column_direction_tablet=&#8221;default&#8221; column_direction_phone=&#8221;default&#8221; bg_color=&#8221;#ffffff&#8221; bg_image=&#8221;6251&#8243; bg_position=&#8221;center center&#8221; background_image_loading=&#8221;default&#8221; bg_repeat=&#8221;no-repeat&#8221; scene_position=&#8221;center&#8221; top_padding=&#8221;5%&#8221; bottom_padding=&#8221;5%&#8221; text_color=&#8221;dark&#8221; text_align=&#8221;left&#8221; row_border_radius=&#8221;none&#8221; row_border_radius_applies=&#8221;bg&#8221; overflow=&#8221;visible&#8221; id=&#8221;start&#8221; row_name=&#8221;Start&#8221; overlay_strength=&#8221;0.8&#8243; gradient_direction=&#8221;top_to_bottom&#8221; shape_divider_position=&#8221;bottom&#8221; bg_image_animation=&#8221;zoom-out-slow&#8221; parallax_bg=&#8221;true&#8221; parallax_bg_speed=&#8221;medium&#8221; shape_type=&#8221;&#8221;][vc_column column_padding=&#8221;no-extra-padding&#8221; column_padding_tablet=&#8221;inherit&#8221; column_padding_phone=&#8221;inherit&#8221; column_padding_position=&#8221;all&#8221; column_element_direction_desktop=&#8221;default&#8221; column_element_spacing=&#8221;default&#8221; desktop_text_alignment=&#8221;default&#8221; tablet_text_alignment=&#8221;default&#8221; phone_text_alignment=&#8221;default&#8221; background_color_opacity=&#8221;1&#8243; background_hover_color_opacity=&#8221;1&#8243; column_backdrop_filter=&#8221;none&#8221; column_shadow=&#8221;none&#8221; column_border_radius=&#8221;none&#8221; column_link_target=&#8221;_self&#8221; column_position=&#8221;default&#8221; gradient_direction=&#8221;left_to_right&#8221; overlay_strength=&#8221;0.3&#8243; width=&#8221;1\/1&#8243; tablet_width_inherit=&#8221;default&#8221; animation_type=&#8221;default&#8221; bg_image_animation=&#8221;none&#8221; border_type=&#8221;simple&#8221; column_border_width=&#8221;none&#8221; column_border_style=&#8221;solid&#8221;][vc_row_inner equal_height=&#8221;yes&#8221; column_margin=&#8221;default&#8221; column_direction=&#8221;default&#8221; column_direction_tablet=&#8221;default&#8221; column_direction_phone=&#8221;default&#8221; text_align=&#8221;left&#8221; row_position=&#8221;default&#8221; row_position_tablet=&#8221;inherit&#8221; row_position_phone=&#8221;inherit&#8221; overflow=&#8221;visible&#8221; pointer_events=&#8221;all&#8221;][vc_column_inner column_padding=&#8221;no-extra-padding&#8221; column_padding_tablet=&#8221;inherit&#8221; column_padding_phone=&#8221;inherit&#8221; column_padding_position=&#8221;all&#8221; column_element_direction_desktop=&#8221;default&#8221; column_element_spacing=&#8221;default&#8221; desktop_text_alignment=&#8221;default&#8221; tablet_text_alignment=&#8221;default&#8221; phone_text_alignment=&#8221;default&#8221; background_color_opacity=&#8221;1&#8243; background_hover_color_opacity=&#8221;1&#8243; column_backdrop_filter=&#8221;none&#8221; column_shadow=&#8221;none&#8221; column_border_radius=&#8221;none&#8221; column_link_target=&#8221;_self&#8221; overflow=&#8221;visible&#8221; gradient_direction=&#8221;left_to_right&#8221; overlay_strength=&#8221;0.3&#8243; width=&#8221;1\/1&#8243; tablet_width_inherit=&#8221;default&#8221; animation_type=&#8221;default&#8221; enable_animation=&#8221;true&#8221; animation=&#8221;fade-in&#8221; animation_easing=&#8221;default&#8221; bg_image_animation=&#8221;none&#8221; border_type=&#8221;simple&#8221; column_border_width=&#8221;none&#8221; column_border_style=&#8221;solid&#8221; offset=&#8221;vc_col-lg-12 vc_col-md-12 vc_col-xs-12&#8243;][vc_custom_heading text=&#8221;EnergyRadar&#8221; font_container=&#8221;tag:h5|text_align:left|color:%23edc951&#8243; use_theme_fonts=&#8221;yes&#8221; css_animation=&#8221;fadeInUp&#8221;][split_line_heading animation_type=&#8221;default&#8221;]\n<h1>Haben Sie<\/h1>\n<h1>weitere Fragen?<\/h1>\n[\/split_line_heading][nectar_btn size=&#8221;large&#8221; button_style=&#8221;regular&#8221; button_color_2=&#8221;Accent-Color&#8221; icon_family=&#8221;default_arrow&#8221; url=&#8221;#general&#8221; text=&#8221;Wir haben die Antworten&#8221; margin_top=&#8221;15&#8243;][\/vc_column_inner][\/vc_row_inner][\/vc_column][\/vc_row][vc_row type=&#8221;full_width_background&#8221; full_screen_row_position=&#8221;middle&#8221; column_margin=&#8221;default&#8221; column_direction=&#8221;default&#8221; column_direction_tablet=&#8221;default&#8221; column_direction_phone=&#8221;default&#8221; bg_color=&#8221;#f9f9f9&#8243; scene_position=&#8221;center&#8221; top_padding=&#8221;5%&#8221; bottom_padding=&#8221;5%&#8221; text_color=&#8221;dark&#8221; text_align=&#8221;left&#8221; row_border_radius=&#8221;none&#8221; row_border_radius_applies=&#8221;bg&#8221; overflow=&#8221;visible&#8221; id=&#8221;general&#8221; row_name=&#8221;General&#8221; overlay_strength=&#8221;0.3&#8243; gradient_direction=&#8221;left_to_right&#8221; shape_divider_position=&#8221;bottom&#8221; bg_image_animation=&#8221;none&#8221; shape_type=&#8221;&#8221;][vc_column column_padding=&#8221;no-extra-padding&#8221; column_padding_tablet=&#8221;inherit&#8221; column_padding_phone=&#8221;inherit&#8221; column_padding_position=&#8221;all&#8221; column_element_direction_desktop=&#8221;default&#8221; column_element_spacing=&#8221;default&#8221; desktop_text_alignment=&#8221;default&#8221; tablet_text_alignment=&#8221;default&#8221; phone_text_alignment=&#8221;default&#8221; background_color_opacity=&#8221;1&#8243; background_hover_color_opacity=&#8221;1&#8243; column_backdrop_filter=&#8221;none&#8221; column_shadow=&#8221;none&#8221; column_border_radius=&#8221;none&#8221; column_link_target=&#8221;_self&#8221; column_position=&#8221;default&#8221; gradient_direction=&#8221;left_to_right&#8221; overlay_strength=&#8221;0.3&#8243; width=&#8221;1\/1&#8243; tablet_width_inherit=&#8221;default&#8221; animation_type=&#8221;default&#8221; enable_animation=&#8221;true&#8221; animation=&#8221;fade-in-from-bottom&#8221; animation_easing=&#8221;default&#8221; bg_image_animation=&#8221;none&#8221; border_type=&#8221;simple&#8221; column_border_width=&#8221;none&#8221; column_border_style=&#8221;solid&#8221; delay=&#8221;400&#8243;][vc_column_text css_animation=&#8221;fadeInUp&#8221;]\n<h5>H\u00e4ufige Fragen<\/h5>\n[\/vc_column_text][divider line_type=&#8221;No Line&#8221; custom_height=&#8221;25&#8243;][toggles style=&#8221;minimal&#8221; accordion=&#8221;true&#8221; accordion_starting_functionality=&#8221;default&#8221;][toggle color=&#8221;Default&#8221; heading_tag=&#8221;default&#8221; heading_tag_functionality=&#8221;default&#8221; title=&#8221;Ist die EnergyRadar-Produktlinie f\u00fcr verschiedene L\u00e4nder erh\u00e4ltlich?&#8221;][vc_column_text]Die EnergyRadar-Produktfamilie ist f\u00fcr verschiedene Arten von intelligenten Z\u00e4hlern in ganz Europa und weltweit erh\u00e4ltlich. Die Produktfamilie ist f\u00fcr intelligente Z\u00e4hler mit einem HAN-Port, einem P1-Port oder nur mit einer optischen Schnittstelle bestimmt.\u00a0Nehmen Sie Kontakt mit uns auf und teilen Sie uns mit, welche Art von Smart Meter Sie verwenden.[\/vc_column_text][nectar_btn size=&#8221;small&#8221; button_style=&#8221;regular&#8221; button_color_2=&#8221;Accent-Color&#8221; icon_family=&#8221;default_arrow&#8221; url=&#8221;\/contact&#8221; text=&#8221;Kontakieren Sie uns&#8221; margin_top=&#8221;15&#8243;][divider line_type=&#8221;No Line&#8221; custom_height=&#8221;25&#8243;][\/toggle][toggle color=&#8221;Default&#8221; heading_tag=&#8221;default&#8221; heading_tag_functionality=&#8221;default&#8221; title=&#8221;Muss ich ein neues Wifi-Netzwerk installieren?&#8221;][vc_column_text]Die EnergyRadar-Produktfamilie kann Ihr lokales WiFi-Netzwerk nutzen.[\/vc_column_text][\/toggle][toggle color=&#8221;Default&#8221; heading_tag=&#8221;default&#8221; heading_tag_functionality=&#8221;default&#8221; title=&#8221;Kann die EnergyRadar-Produktfamilie in Anwendungen von Drittanbietern eingesetzt werden?&#8221;][vc_column_text]Die EnergyRadar-Produktfamilie bietet standardisierte Schnittstellen \u00fcber eine API und MQTT.\u00a0Die API wird f\u00fcr die Integration in lokale Anwendungen wie HEMS oder Smart Home verwendet.\u00a0Die MQTT-Schnittstelle wird f\u00fcr die Backend-Integration in fortgeschrittene IoT-Anwendungen verwendet.[\/vc_column_text][\/toggle][toggle color=&#8221;Default&#8221; heading_tag=&#8221;default&#8221; heading_tag_functionality=&#8221;default&#8221; title=&#8221;Wie installiere ich die MeterExtension #1?&#8221;][vc_column_text]Schlie\u00dfen Sie einfach die MeterExtension #1 an den lokalen Port Ihres Smart Meters an. F\u00fcr jedes Smart Meter ist die Stelle des lokalen Anschlusses unterschiedlich.<\/p>\n<p><img fetchpriority=\"high\" decoding=\"async\" class=\"alignnone size-medium wp-image-6770\" src=\"https:\/\/energyradar.net\/wp-content\/uploads\/2020\/07\/20190520_102112-225x300.jpg\" alt=\"\" width=\"225\" height=\"300\" srcset=\"https:\/\/energyradar.net\/wp-content\/uploads\/2020\/07\/20190520_102112-225x300.jpg 225w, https:\/\/energyradar.net\/wp-content\/uploads\/2020\/07\/20190520_102112-scaled-600x800.jpg 600w, https:\/\/energyradar.net\/wp-content\/uploads\/2020\/07\/20190520_102112-768x1024.jpg 768w, https:\/\/energyradar.net\/wp-content\/uploads\/2020\/07\/20190520_102112-1152x1536.jpg 1152w, https:\/\/energyradar.net\/wp-content\/uploads\/2020\/07\/20190520_102112-1536x2048.jpg 1536w, https:\/\/energyradar.net\/wp-content\/uploads\/2020\/07\/20190520_102112-scaled.jpg 1920w\" sizes=\"(max-width: 225px) 100vw, 225px\" \/>[\/vc_column_text][\/toggle][toggle color=&#8221;Default&#8221; heading_tag=&#8221;default&#8221; heading_tag_functionality=&#8221;default&#8221; title=&#8221;Wie starte ich die MeterExtension #1 neu?&#8221;][vc_column_text]Trennen Sie die MeterExtension #1 vom Smart Meter und schlie\u00dfen Sie sie wieder an. Dadurch wird die MeterExtension #1 neu gestartet.[\/vc_column_text][\/toggle][toggle color=&#8221;Default&#8221; heading_tag=&#8221;default&#8221; heading_tag_functionality=&#8221;default&#8221; title=&#8221;Ben\u00f6tigt die MeterExtension #3 eine externe Stromversorgung?&#8221;][vc_column_text]Die MeterExtension #3 ben\u00f6tigt eine externe Stromversorgung und hat daher einen eingebauten USB-Anschluss.[\/vc_column_text][\/toggle][toggle color=&#8221;Default&#8221; heading_tag=&#8221;default&#8221; heading_tag_functionality=&#8221;default&#8221; title=&#8221;Liest die MeterExtension #3 Echtzeitdaten?&#8221;][vc_column_text]Die MeterExtension #3 liest die Daten vom optischen Port des Smart Meters nahezu in Echtzeit aus. Daher liefert sie Echtzeitdaten an das EnergyRadar APP, lokale HEMS-Anwendungen und kann auch in IoT-Anwendungen verwendet werden.[\/vc_column_text][\/toggle][toggle color=&#8221;Default&#8221; heading_tag=&#8221;default&#8221; heading_tag_functionality=&#8221;default&#8221; title=&#8221;Wozu dient die BlueTooth &#8211; WiFi-Bridge?&#8221;][vc_column_text]Die BLE-WiFi-Bridge ist so konzipiert, dass sie Daten von vielen Haushalten sammelt und diese Daten an ein Backend-System f\u00fcr weitere Anwendungen, Webseiten und andere sendet.[\/vc_column_text][\/toggle][toggle color=&#8221;Default&#8221; heading_tag=&#8221;default&#8221; heading_tag_functionality=&#8221;default&#8221; title=&#8221;MeterExtension #1&#8243;][\/toggle][\/toggles][\/vc_column][\/vc_row]\n","protected":false},"excerpt":{"rendered":"<p>[vc_row type=&#8221;full_width_background&#8221; full_screen_row_position=&#8221;middle&#8221; column_margin=&#8221;default&#8221; column_direction=&#8221;default&#8221; column_direction_tablet=&#8221;default&#8221; column_direction_phone=&#8221;default&#8221; bg_color=&#8221;#ffffff&#8221; bg_image=&#8221;6251&#8243; bg_position=&#8221;center center&#8221; background_image_loading=&#8221;default&#8221; bg_repeat=&#8221;no-repeat&#8221; scene_position=&#8221;center&#8221; top_padding=&#8221;5%&#8221;&#8230;<\/p>\n","protected":false},"author":2,"featured_media":0,"parent":0,"menu_order":0,"comment_status":"closed","ping_status":"closed","template":"","meta":{"inline_featured_image":false,"footnotes":""},"class_list":["post-6990","page","type-page","status-publish"],"jetpack_sharing_enabled":true,"_links":{"self":[{"href":"https:\/\/energyradar.net\/index.php?rest_route=\/wp\/v2\/pages\/6990","targetHints":{"allow":["GET"]}}],"collection":[{"href":"https:\/\/energyradar.net\/index.php?rest_route=\/wp\/v2\/pages"}],"about":[{"href":"https:\/\/energyradar.net\/index.php?rest_route=\/wp\/v2\/types\/page"}],"author":[{"embeddable":true,"href":"https:\/\/energyradar.net\/index.php?rest_route=\/wp\/v2\/users\/2"}],"replies":[{"embeddable":true,"href":"https:\/\/energyradar.net\/index.php?rest_route=%2Fwp%2Fv2%2Fcomments&post=6990"}],"version-history":[{"count":3,"href":"https:\/\/energyradar.net\/index.php?rest_route=\/wp\/v2\/pages\/6990\/revisions"}],"predecessor-version":[{"id":7692,"href":"https:\/\/energyradar.net\/index.php?rest_route=\/wp\/v2\/pages\/6990\/revisions\/7692"}],"wp:attachment":[{"href":"https:\/\/energyradar.net\/index.php?rest_route=%2Fwp%2Fv2%2Fmedia&parent=6990"}],"curies":[{"name":"wp","href":"https:\/\/api.w.org\/{rel}","templated":true}]}}