{"id":3,"date":"2020-06-25T09:53:05","date_gmt":"2020-06-25T09:53:05","guid":{"rendered":"https:\/\/energyradar.live-website.com\/?page_id=3"},"modified":"2020-09-23T11:32:00","modified_gmt":"2020-09-23T11:32:00","slug":"datenschutz","status":"publish","type":"page","link":"https:\/\/energyradar.net\/?page_id=3","title":{"rendered":"Datenschutzerkl\u00e4rung"},"content":{"rendered":"[vc_row type=&#8221;in_container&#8221; full_screen_row_position=&#8221;middle&#8221; column_margin=&#8221;default&#8221; column_direction=&#8221;default&#8221; column_direction_tablet=&#8221;default&#8221; column_direction_phone=&#8221;default&#8221; scene_position=&#8221;center&#8221; text_color=&#8221;dark&#8221; text_align=&#8221;left&#8221; row_border_radius=&#8221;none&#8221; row_border_radius_applies=&#8221;bg&#8221; overlay_strength=&#8221;0.3&#8243; gradient_direction=&#8221;left_to_right&#8221; shape_divider_position=&#8221;bottom&#8221; bg_image_animation=&#8221;none&#8221; shape_type=&#8221;&#8221;][vc_column column_padding=&#8221;padding-5-percent&#8221; column_padding_tablet=&#8221;inherit&#8221; column_padding_phone=&#8221;inherit&#8221; column_padding_position=&#8221;top-bottom&#8221; background_color_opacity=&#8221;1&#8243; background_hover_color_opacity=&#8221;1&#8243; column_shadow=&#8221;none&#8221; column_border_radius=&#8221;none&#8221; column_link_target=&#8221;_self&#8221; gradient_direction=&#8221;left_to_right&#8221; overlay_strength=&#8221;0.3&#8243; width=&#8221;1\/1&#8243; tablet_width_inherit=&#8221;default&#8221; tablet_text_alignment=&#8221;default&#8221; phone_text_alignment=&#8221;default&#8221; column_border_width=&#8221;none&#8221; column_border_style=&#8221;solid&#8221; bg_image_animation=&#8221;none&#8221;][nectar_cta btn_style=&#8221;underline&#8221; heading_tag=&#8221;h6&#8243; text_color=&#8221;#333333&#8243; button_color=&#8221;default&#8221; link_type=&#8221;regular&#8221; alignment=&#8221;right&#8221; display=&#8221;block&#8221; link_text=&#8221;English&#8221; url=&#8221;https:\/\/energyradar.net\/privacy-policy&#8221;][vc_column_text]\r\n<h3 class=\"wp-block-heading\"><strong>Datenschutzerkl\u00e4rung<\/strong><\/h3>\r\n<p>Der Schutz und die Sicherheit von pers\u00f6nlichen Daten hat bei uns eine hohe Priorit\u00e4t. Daher halten wir uns strikt an die Regeln der Datenschutz- Grundverordnung (DSGVO). Nachfolgend werden Sie dar\u00fcber informiert, welche Art von Daten erfasst und zu welchem Zweck sie erhoben werden.<\/p>\r\n<h3><strong>1. Daten\u00fcbermittlung \/Datenprotokollierung <\/strong><\/h3>\r\n<p>Beim Besuch dieser Seite verzeichnet der Web-Server automatisch Log-Files, die keiner bestimmten Person zugeordnet werden k\u00f6nnen. Diese Daten beinhalten z. B. den Browsertyp und -version, verwendetes Betriebssystem, Referrer URL (die zuvor besuchte Web-Seite), IP-Adresse des anfragenden Rechners, Zugriffsdatum und -uhrzeit der Serveranfrage und die Dateianfrage des Clients (Dateiname und URL). Diese Daten werden nur zum Zweck der statistischen Auswertung gesammelt. Eine Weitergabe an Dritte, zu kommerziellen oder nichtkommerziellen Zwecken, findet nicht statt.<\/p>\r\n<h3><strong>2. Nutzung pers\u00f6nlicher Daten<\/strong><\/h3>\r\n<p>Pers\u00f6nliche Daten werden nur erhoben oder verarbeitet, wenn Sie diese Angaben freiwillig, z.B. im Rahmen einer Anfrage mitteilen. Sofern keine erforderlichen Gr\u00fcnde im Zusammenhang mit einer Gesch\u00e4ftsabwicklung bestehen, k\u00f6nnen Sie jederzeit die zuvor erteilte Genehmigung Ihrer pers\u00f6nlichen Datenspeicherung mit sofortiger Wirkung schriftlich, z.B. per E-Mail (data-protection@cuculus.net) widerrufen. Ihre Daten werden nicht an Dritte weitergeben, es sei denn, eine Weitergabe ist aufgrund gesetzlicher Vorschriften erforderlich. Ihre Telefonnummer, Ihre postalische und\/ oder E-Mail- Adresse nutzen wir \u2013 soweit rechtlich zul\u00e4ssig \u2013 zur werblichen Ansprache. Dieser Nutzung Ihrer Adressdaten k\u00f6nnen Sie jederzeit durch eine E-Mail an data-protection@cuculus.net oder schriftlich widersprechen. Der Widerspruch ist kostenlos (mit Ausnahme der Ihnen entstehenden \u00dcbermittlungskosten). Die Erhebung, Verarbeitung und Nutzung personenbezogener Daten erfolgt vor allem in folgenden F\u00e4llen:<\/p>\r\n<p>a. Aktionsmailings: In regelm\u00e4\u00dfigen Abst\u00e4nden erhalten Sie von uns Mailings bez\u00fcglich aktueller Aktionen. Ihre Daten werden ausschlie\u00dflich zum Versand der Aktionsmailings eingesetzt. Anderen Regelungen muss der Nutzer zustimmen. Sie haben jederzeit das Recht dieser Nutzung Ihrer Daten zu widersprechen. Genauere Informationen entnehmen Sie bitte aus dem vorherigen Absatz und Abschnitt 3 \u201eAuskunft, \u00c4nderung und L\u00f6schung Ihrer Daten\u201c.<\/p>\r\n<p>b. Newsletter: Auf einigen Webseiten der Cuculus GmbH k\u00f6nnen Newsletter abonniert werden. Nach der Anmeldung werden die E-Mail-Adresse und personenbezogene Daten des Nutzers auf dem Server der Cuculus GmbH gespeichert. Die Daten werden ausschlie\u00dflich zum Versand der abonnierten Newsletter eingesetzt. Anderen Regelungen muss der Nutzer zustimmen. Nach der Anmeldung erh\u00e4lt der Nutzer eine Best\u00e4tigungsnachricht, die einen Link zur endg\u00fcltigen Registrierung enth\u00e4lt (Double-opt-in). Dadurch wird sichergestellt, dass der Newsletter explizit erw\u00fcnscht ist.<\/p>\r\n<p><strong>3. Auskunft, \u00c4nderung und L\u00f6schung Ihrer Daten<\/strong><\/p>\r\n<p>Sie haben ein gesetzlich verankertes Recht zur Auskunft, Berichtigung, L\u00f6schung und Sperrung Ihrer Daten. Auf Verlangen werden wir Ihnen schnellstm\u00f6glich \u00fcber die zu Ihrer Person gespeicherten Daten Auskunft erteilen. Ebenso sind wir verpflichtet, auf Verlangen die \u00fcber Sie gespeicherten Daten zu berichtigen, zu sperren oder zu l\u00f6schen.<\/p>\r\n<h3><strong>4. Sicherheit Ihrer Daten<\/strong><\/h3>\r\n<p>Ihre uns zur Verf\u00fcgung gestellten pers\u00f6nlichen Daten werden durch Ergreifung aller technischen sowie organisatorischen Sicherheitsma\u00dfnahmen so gesichert, dass sie f\u00fcr den Zugriff unberechtigter Dritter unzug\u00e4nglich sind. Bei Versendung von sehr sensiblen Daten oder Informationen ist es empfehlenswert, den Postweg zu nutzen, da eine vollst\u00e4ndige Datensicherheit per E-Mail nicht gew\u00e4hrleistet werden kann.<\/p>\r\n<h3><strong>5. Hinweis zu Google Analytics <\/strong><\/h3>\r\n<p>Diese Website benutzt Google Analytics, einen Webanalysedienst der Google Inc. (\u201eGoogle\u201c). Google Analytics verwendet sog. \u201eCookies\u201c, d. h. Textdateien, die auf Ihrem Computer gespeichert werden und die eine Analyse der Benutzung der Website durch Sie erm\u00f6glicht. Die durch den Cookie erzeugten Informationen \u00fcber Ihre Benutzung diese Website (einschlie\u00dflich Ihrer IP-Adresse) wird an einen Server von Google in den USA \u00fcbertragen und dort gespeichert. Google wird diese Informationen benutzen, um Ihre Nutzung der Website auszuwerten, um Reports \u00fcber die Websiteaktivit\u00e4ten f\u00fcr die Websitebetreiber zusammenzustellen und um weitere mit der Websitenutzung und der Internetnutzung verbundene Dienstleistungen zu erbringen. Auch wird Google diese Informationen gegebenenfalls an Dritte \u00fcbertragen, sofern dies gesetzlich vorgeschrieben oder soweit Dritte diese Daten im Auftrag von Google verarbeiten. Google wird in keinem Fall Ihre IP-Adresse mit anderen Daten von Google in Verbindung bringen. Sie k\u00f6nnen die Installation der Cookies durch eine entsprechende Einstellung Ihrer Browser Software verhindern; wir weisen Sie jedoch darauf hin, dass Sie in diesem Fall gegebenenfalls nicht s\u00e4mtliche Funktionen dieser Website voll umf\u00e4nglich nutzen k\u00f6nnen. Durch die Nutzung dieser Website erkl\u00e4ren Sie sich mit der Bearbeitung der \u00fcber Sie erhobenen Daten durch Google in der zuvor beschriebenen Art und Weise und zu dem zuvor benannten Zweck einverstanden.<\/p>\r\n<h3><strong>6. Cookies <\/strong><\/h3>\r\n<p>Auf einigen unserer Seiten verwenden wir sogenannte &#8220;Session-Cookies&#8221;, um Ihnen die Nutzung unserer Webseiten zu erleichtern. Dabei handelt es sich um kleine Textdateien, die nur f\u00fcr die Dauer Ihres Besuchs unserer Webseite auf Ihrer Festplatte hinterlegt und abh\u00e4ngig von der Einstellung Ihres Browser-Programms beim Beenden des Browsers wieder gel\u00f6scht werden. Diese Cookies rufen keine auf Ihrer Festplatte \u00fcber Sie gespeicherten Informationen ab und beeintr\u00e4chtigen nicht Ihren PC oder ihre Dateien. Die meisten Browser sind so eingestellt, dass sie Cookies automatisch akzeptieren. Sie k\u00f6nnen das Speichern von Cookies jedoch deaktivieren oder ihren Browser so einstellen, dass er Sie auf die Sendung von Cookies hinweist.<\/p>\r\n<h3><strong>7. \u00c4nderungen unserer Datenschutzbestimmungen <\/strong><\/h3>\r\n<p>Wir werden diese Richtlinien zum Schutz Ihrer pers\u00f6nlichen Daten von Zeit zu Zeit aktualisieren. Sie sollten sich diese Richtlinien regelm\u00e4\u00dfig ansehen, um auf dem Laufenden dar\u00fcber zu bleiben, wie wir Ihre Daten sch\u00fctzen und die Inhalte unserer Website stetig verbessern. Sollten wir wesentliche \u00c4nderungen bei der Sammlung, der Nutzung und\/oder der Weitergabe der uns von Ihnen zur Verf\u00fcgung gestellten personenbezogenen Daten vornehmen, werden wir Sie durch einen eindeutigen und gut sichtbaren Hinweis auf der Website darauf aufmerksam machen. Mit der Nutzung der Webseite erkl\u00e4ren Sie sich mit den Bedingungen dieser Richtlinien zum Schutz pers\u00f6nlicher Daten einverstanden. Bei Fragen zu diesen Datenschutzbestimmungen wenden Sie sich bitte \u00fcber unsere Kontakt-Seite an uns.<\/p>\r\n[\/vc_column_text][\/vc_column][\/vc_row]","protected":false},"excerpt":{"rendered":"<p>[vc_row type=&#8221;in_container&#8221; full_screen_row_position=&#8221;middle&#8221; column_margin=&#8221;default&#8221; column_direction=&#8221;default&#8221; column_direction_tablet=&#8221;default&#8221; column_direction_phone=&#8221;default&#8221; scene_position=&#8221;center&#8221; text_color=&#8221;dark&#8221; text_align=&#8221;left&#8221; row_border_radius=&#8221;none&#8221; row_border_radius_applies=&#8221;bg&#8221; overlay_strength=&#8221;0.3&#8243; gradient_direction=&#8221;left_to_right&#8221; shape_divider_position=&#8221;bottom&#8221;&#8230;<\/p>\n","protected":false},"author":1,"featured_media":0,"parent":0,"menu_order":0,"comment_status":"closed","ping_status":"closed","template":"","meta":{"inline_featured_image":false,"footnotes":""},"class_list":["post-3","page","type-page","status-publish"],"jetpack_sharing_enabled":true,"_links":{"self":[{"href":"https:\/\/energyradar.net\/index.php?rest_route=\/wp\/v2\/pages\/3","targetHints":{"allow":["GET"]}}],"collection":[{"href":"https:\/\/energyradar.net\/index.php?rest_route=\/wp\/v2\/pages"}],"about":[{"href":"https:\/\/energyradar.net\/index.php?rest_route=\/wp\/v2\/types\/page"}],"author":[{"embeddable":true,"href":"https:\/\/energyradar.net\/index.php?rest_route=\/wp\/v2\/users\/1"}],"replies":[{"embeddable":true,"href":"https:\/\/energyradar.net\/index.php?rest_route=%2Fwp%2Fv2%2Fcomments&post=3"}],"version-history":[{"count":13,"href":"https:\/\/energyradar.net\/index.php?rest_route=\/wp\/v2\/pages\/3\/revisions"}],"predecessor-version":[{"id":7629,"href":"https:\/\/energyradar.net\/index.php?rest_route=\/wp\/v2\/pages\/3\/revisions\/7629"}],"wp:attachment":[{"href":"https:\/\/energyradar.net\/index.php?rest_route=%2Fwp%2Fv2%2Fmedia&parent=3"}],"curies":[{"name":"wp","href":"https:\/\/api.w.org\/{rel}","templated":true}]}}